{"id":2563,"date":"2024-04-23T15:22:57","date_gmt":"2024-04-23T15:22:57","guid":{"rendered":"https:\/\/internetday.com.ar\/day\/?page_id=2563"},"modified":"2026-03-11T18:21:01","modified_gmt":"2026-03-11T18:21:01","slug":"hoteles","status":"publish","type":"page","link":"https:\/\/internetday.com.ar\/day\/hoteles\/","title":{"rendered":"hoteles"},"content":{"rendered":"<div id=\"pl-2563\"  class=\"panel-layout\" ><div id=\"pg-2563-0\"  class=\"panel-grid panel-has-style\" ><div class=\"siteorigin-panels-stretch panel-row-style panel-row-style-for-2563-0\" data-stretch-type=\"full-width-stretch\" ><div id=\"pgc-2563-0-0\"  class=\"panel-grid-cell\" ><div id=\"panel-2563-0-0-0\" class=\"so-panel widget widget_media_image panel-first-child panel-last-child\" data-index=\"0\" ><img loading=\"lazy\" decoding=\"async\" width=\"1920\" height=\"700\" src=\"https:\/\/internetday.com.ar\/day\/wp-content\/uploads\/2025\/10\/ID26-banner.jpg\" class=\"image wp-image-3335  attachment-full size-full\" alt=\"\" style=\"max-width: 100%; height: auto;\" srcset=\"https:\/\/internetday.com.ar\/day\/wp-content\/uploads\/2025\/10\/ID26-banner.jpg 1920w, https:\/\/internetday.com.ar\/day\/wp-content\/uploads\/2025\/10\/ID26-banner-300x109.jpg 300w, https:\/\/internetday.com.ar\/day\/wp-content\/uploads\/2025\/10\/ID26-banner-1024x373.jpg 1024w, https:\/\/internetday.com.ar\/day\/wp-content\/uploads\/2025\/10\/ID26-banner-150x55.jpg 150w, https:\/\/internetday.com.ar\/day\/wp-content\/uploads\/2025\/10\/ID26-banner-768x280.jpg 768w, https:\/\/internetday.com.ar\/day\/wp-content\/uploads\/2025\/10\/ID26-banner-1536x560.jpg 1536w\" sizes=\"(max-width: 1920px) 100vw, 1920px\" \/><\/div><\/div><\/div><\/div><div id=\"pg-2563-1\"  class=\"panel-grid panel-no-style\" ><div id=\"pgc-2563-1-0\"  class=\"panel-grid-cell\" ><div id=\"panel-2563-1-0-0\" class=\"so-panel widget widget_sow-headline panel-first-child panel-last-child\" data-index=\"1\" ><div\n\t\t\t\n\t\t\tclass=\"so-widget-sow-headline so-widget-sow-headline-default-1770afef8470-2563 so-widget-fittext-wrapper\"\n\t\t\t data-fit-text-compressor=\"0.85\"\n\t\t><div class=\"sow-headline-container \">\n\t\t\t\t\t\t\t<h4 class=\"sow-headline\">\n\t\t\t\t\t\tHoteles con descuento\t\t\t\t\t\t<\/h4>\n\t\t\t\t\t\t\t\t\t\t\t<div class=\"decoration\">\n\t\t\t\t\t\t<div class=\"decoration-inside\"><\/div>\n\t\t\t\t\t<\/div>\n\t\t\t\t\t<\/div>\n<\/div><\/div><\/div><\/div><div id=\"pg-2563-2\"  class=\"panel-grid panel-no-style\" ><div id=\"pgc-2563-2-0\"  class=\"panel-grid-cell\" ><div id=\"panel-2563-2-0-0\" class=\"so-panel widget widget_sow-image panel-first-child\" data-index=\"2\" ><div\n\t\t\t\n\t\t\tclass=\"so-widget-sow-image so-widget-sow-image-default-8b5b6f678277-2563\"\n\t\t\t\n\t\t>\n<div class=\"sow-image-container\">\n\t\t<img \n\tsrc=\"https:\/\/internetday.com.ar\/day\/wp-content\/uploads\/2026\/03\/hotel-luois.jpg\" width=\"800\" height=\"500\" srcset=\"https:\/\/internetday.com.ar\/day\/wp-content\/uploads\/2026\/03\/hotel-luois.jpg 800w, https:\/\/internetday.com.ar\/day\/wp-content\/uploads\/2026\/03\/hotel-luois-300x188.jpg 300w, https:\/\/internetday.com.ar\/day\/wp-content\/uploads\/2026\/03\/hotel-luois-150x94.jpg 150w, https:\/\/internetday.com.ar\/day\/wp-content\/uploads\/2026\/03\/hotel-luois-768x480.jpg 768w\" sizes=\"(max-width: 800px) 100vw, 800px\" alt=\"\" \t\tclass=\"so-widget-image\"\/>\n\t<\/div>\n\n<\/div><\/div><div id=\"panel-2563-2-0-1\" class=\"so-panel widget widget_sow-editor\" data-index=\"3\" ><div\n\t\t\t\n\t\t\tclass=\"so-widget-sow-editor so-widget-sow-editor-base\"\n\t\t\t\n\t\t>\n<div class=\"siteorigin-widget-tinymce textwidget\">\n\t<h2 style=\"text-align: left;\"><strong>Loi Suites Recoleta <\/strong><\/h2>\n<p style=\"text-align: left;\">Vicente L\u00f3pez 1955 (<a href=\"https:\/\/maps.app.goo.gl\/t5LCPZNC8Ar24y9Q7\" target=\"_blank\" rel=\"noopener\">Ver ubicaci\u00f3n<\/a>)<\/p>\n<hr \/>\n<ul>\n<li style=\"text-align: left;\">Activamos el c\u00f3digo de descuento <strong>CABASE <\/strong>15% sobre las tarifas que figuran en la web del hotel.<\/li>\n<li style=\"text-align: left;\">Las reservas deber\u00e1n realizarse directamente a trav\u00e9s de nuestra web, ingresando el c\u00f3digo <strong>CABASE<\/strong><\/li>\n<\/ul>\n<p>A tener en cuenta:<\/p>\n<ul>\n<li>Cada hu\u00e9sped realiza y abona su reserva de manera individual.<\/li>\n<li>El descuento se aplica sobre la tarifa disponible en la web al momento de reservar.<\/li>\n<li>La disponibilidad y el valor final pueden variar seg\u00fan la ocupaci\u00f3n.<\/li>\n<\/ul>\n<\/div>\n<\/div><\/div><div id=\"panel-2563-2-0-2\" class=\"so-panel widget widget_sow-button panel-last-child\" data-index=\"4\" ><div\n\t\t\t\n\t\t\tclass=\"so-widget-sow-button so-widget-sow-button-flat-487924cf5dc3-2563\"\n\t\t\t\n\t\t><div class=\"ow-button-base ow-button-align-left\"\n>\n\t\t\t<a\n\t\t\t\t\thref=\"https:\/\/loisuites.com.ar\/recoleta.html\"\n\t\t\t\t\tclass=\"sowb-button ow-icon-placement-left ow-button-hover\" target=\"_blank\" rel=\"noopener noreferrer\" \t>\n\t\t<span>\n\t\t\t<span class=\"sow-icon-fontawesome sow-far\" data-sow-icon=\"&#xf35a;\"\n\t\tstyle=\"\" \n\t\taria-hidden=\"true\"><\/span>\n\t\t\tReserva y\u00e1\t\t<\/span>\n\t\t\t<\/a>\n\t<\/div>\n<\/div><\/div><\/div><div id=\"pgc-2563-2-1\"  class=\"panel-grid-cell\" ><div id=\"panel-2563-2-1-0\" class=\"so-panel widget widget_sow-image panel-first-child\" data-index=\"5\" ><div\n\t\t\t\n\t\t\tclass=\"so-widget-sow-image so-widget-sow-image-default-8b5b6f678277-2563\"\n\t\t\t\n\t\t>\n<div class=\"sow-image-container\">\n\t\t<img \n\tsrc=\"https:\/\/internetday.com.ar\/day\/wp-content\/uploads\/2026\/03\/hotel-scala.jpg\" width=\"800\" height=\"500\" srcset=\"https:\/\/internetday.com.ar\/day\/wp-content\/uploads\/2026\/03\/hotel-scala.jpg 800w, https:\/\/internetday.com.ar\/day\/wp-content\/uploads\/2026\/03\/hotel-scala-300x188.jpg 300w, https:\/\/internetday.com.ar\/day\/wp-content\/uploads\/2026\/03\/hotel-scala-150x94.jpg 150w, https:\/\/internetday.com.ar\/day\/wp-content\/uploads\/2026\/03\/hotel-scala-768x480.jpg 768w\" sizes=\"(max-width: 800px) 100vw, 800px\" alt=\"\" \t\tclass=\"so-widget-image\"\/>\n\t<\/div>\n\n<\/div><\/div><div id=\"panel-2563-2-1-1\" class=\"so-panel widget widget_sow-editor\" data-index=\"6\" ><div\n\t\t\t\n\t\t\tclass=\"so-widget-sow-editor so-widget-sow-editor-base\"\n\t\t\t\n\t\t>\n<div class=\"siteorigin-widget-tinymce textwidget\">\n\t<h2 style=\"text-align: left;\"><strong>Hotel Scala\u00a0 \u00a0 \u00a0<\/strong><\/h2>\n<p style=\"text-align: left;\">Bernardo de Irigoyen 740 (<a href=\"https:\/\/maps.app.goo.gl\/2ZCkm7qeqW4V7tye8\" target=\"_blank\" rel=\"noopener\">Ver ubicaci\u00f3n<\/a>)<\/p>\n<hr \/>\n<ul>\n<li style=\"text-align: left;\">Habitaci\u00f3n single\/doble <strong>$160.000<\/strong> final por noche por habitaci\u00f3n con desayuno buffett americano.<\/li>\n<li style=\"text-align: left;\">Tarifa reembolsable, se puede modificar o cancelar sin penalidad hasta 24 hs antes del chek in.<\/li>\n<\/ul>\n<\/div>\n<\/div><\/div><div id=\"panel-2563-2-1-2\" class=\"so-panel widget widget_sow-button panel-last-child\" data-index=\"7\" ><div\n\t\t\t\n\t\t\tclass=\"so-widget-sow-button so-widget-sow-button-flat-487924cf5dc3-2563\"\n\t\t\t\n\t\t><div class=\"ow-button-base ow-button-align-left\"\n>\n\t\t\t<a\n\t\t\t\t\thref=\"https:\/\/www.scalabuenosaires.com\/\"\n\t\t\t\t\tclass=\"sowb-button ow-icon-placement-left ow-button-hover\" target=\"_blank\" rel=\"noopener noreferrer\" \t>\n\t\t<span>\n\t\t\t<span class=\"sow-icon-fontawesome sow-far\" data-sow-icon=\"&#xf35a;\"\n\t\tstyle=\"\" \n\t\taria-hidden=\"true\"><\/span>\n\t\t\tReserva y\u00e1\t\t<\/span>\n\t\t\t<\/a>\n\t<\/div>\n<\/div><\/div><\/div><\/div><div id=\"pg-2563-3\"  class=\"panel-grid panel-no-style\" ><div id=\"pgc-2563-3-0\"  class=\"panel-grid-cell\" ><div id=\"panel-2563-3-0-0\" class=\"so-panel widget widget_sow-image panel-first-child\" data-index=\"8\" ><div\n\t\t\t\n\t\t\tclass=\"so-widget-sow-image so-widget-sow-image-default-8b5b6f678277-2563\"\n\t\t\t\n\t\t>\n<div class=\"sow-image-container\">\n\t\t<img \n\tsrc=\"https:\/\/internetday.com.ar\/day\/wp-content\/uploads\/2026\/03\/hotel-principado.jpg\" width=\"800\" height=\"500\" srcset=\"https:\/\/internetday.com.ar\/day\/wp-content\/uploads\/2026\/03\/hotel-principado.jpg 800w, https:\/\/internetday.com.ar\/day\/wp-content\/uploads\/2026\/03\/hotel-principado-300x188.jpg 300w, https:\/\/internetday.com.ar\/day\/wp-content\/uploads\/2026\/03\/hotel-principado-150x94.jpg 150w, https:\/\/internetday.com.ar\/day\/wp-content\/uploads\/2026\/03\/hotel-principado-768x480.jpg 768w\" sizes=\"(max-width: 800px) 100vw, 800px\" alt=\"\" \t\tclass=\"so-widget-image\"\/>\n\t<\/div>\n\n<\/div><\/div><div id=\"panel-2563-3-0-1\" class=\"so-panel widget widget_sow-editor\" data-index=\"9\" ><div\n\t\t\t\n\t\t\tclass=\"so-widget-sow-editor so-widget-sow-editor-base\"\n\t\t\t\n\t\t>\n<div class=\"siteorigin-widget-tinymce textwidget\">\n\t<h2 style=\"text-align: left;\"><strong>Principado Downtown <\/strong><\/h2>\n<p style=\"text-align: left;\">Paraguay 481 (<a href=\"https:\/\/maps.app.goo.gl\/c5bGhE8WsWUTDQvD7\" target=\"_blank\" rel=\"noopener\">Ver ubicaci\u00f3n<\/a>)<\/p>\n<hr \/>\n<ul>\n<li style=\"text-align: left;\"><strong>USD 92\u00a0+ IVA<\/strong> por noche c\/desayuno en habitaci\u00f3n Junior.<\/li>\n<\/ul>\n<\/div>\n<\/div><\/div><div id=\"panel-2563-3-0-2\" class=\"so-panel widget widget_sow-button panel-last-child\" data-index=\"10\" ><div\n\t\t\t\n\t\t\tclass=\"so-widget-sow-button so-widget-sow-button-flat-487924cf5dc3-2563\"\n\t\t\t\n\t\t><div class=\"ow-button-base ow-button-align-left\"\n>\n\t\t\t<a\n\t\t\t\t\thref=\"https:\/\/www.principado.com.ar\/\"\n\t\t\t\t\tclass=\"sowb-button ow-icon-placement-left ow-button-hover\" target=\"_blank\" rel=\"noopener noreferrer\" \t>\n\t\t<span>\n\t\t\t<span class=\"sow-icon-fontawesome sow-far\" data-sow-icon=\"&#xf35a;\"\n\t\tstyle=\"\" \n\t\taria-hidden=\"true\"><\/span>\n\t\t\tReserva y\u00e1\t\t<\/span>\n\t\t\t<\/a>\n\t<\/div>\n<\/div><\/div><\/div><div id=\"pgc-2563-3-1\"  class=\"panel-grid-cell\" ><div id=\"panel-2563-3-1-0\" class=\"so-panel widget widget_sow-image panel-first-child\" data-index=\"11\" ><div\n\t\t\t\n\t\t\tclass=\"so-widget-sow-image so-widget-sow-image-default-8b5b6f678277-2563\"\n\t\t\t\n\t\t>\n<div class=\"sow-image-container\">\n\t\t<img \n\tsrc=\"https:\/\/internetday.com.ar\/day\/wp-content\/uploads\/2026\/03\/hotel-efe.jpg\" width=\"800\" height=\"500\" srcset=\"https:\/\/internetday.com.ar\/day\/wp-content\/uploads\/2026\/03\/hotel-efe.jpg 800w, https:\/\/internetday.com.ar\/day\/wp-content\/uploads\/2026\/03\/hotel-efe-300x188.jpg 300w, https:\/\/internetday.com.ar\/day\/wp-content\/uploads\/2026\/03\/hotel-efe-150x94.jpg 150w, https:\/\/internetday.com.ar\/day\/wp-content\/uploads\/2026\/03\/hotel-efe-768x480.jpg 768w\" sizes=\"(max-width: 800px) 100vw, 800px\" alt=\"\" \t\tclass=\"so-widget-image\"\/>\n\t<\/div>\n\n<\/div><\/div><div id=\"panel-2563-3-1-1\" class=\"so-panel widget widget_sow-editor\" data-index=\"12\" ><div\n\t\t\t\n\t\t\tclass=\"so-widget-sow-editor so-widget-sow-editor-base\"\n\t\t\t\n\t\t>\n<div class=\"siteorigin-widget-tinymce textwidget\">\n\t<h2 style=\"text-align: left;\"><strong>Efe hotel &amp; Cowork \u00a0 \u00a0<\/strong><\/h2>\n<p style=\"text-align: left;\">Paraguay 474 (<a href=\"https:\/\/maps.app.goo.gl\/NhLQbx5QieMfMig36\" target=\"_blank\" rel=\"noopener\">Ver ubicaci\u00f3n<\/a>)<\/p>\n<hr \/>\n<ul>\n<li style=\"text-align: left;\"><strong>USD 96\u00a0+ IVA<\/strong> por noche c\/desayuno en habitaci\u00f3n\u00a0Junior<\/li>\n<\/ul>\n<\/div>\n<\/div><\/div><div id=\"panel-2563-3-1-2\" class=\"so-panel widget widget_sow-button panel-last-child\" data-index=\"13\" ><div\n\t\t\t\n\t\t\tclass=\"so-widget-sow-button so-widget-sow-button-flat-487924cf5dc3-2563\"\n\t\t\t\n\t\t><div class=\"ow-button-base ow-button-align-left\"\n>\n\t\t\t<a\n\t\t\t\t\thref=\"https:\/\/www.efehotel.com.ar\/\"\n\t\t\t\t\tclass=\"sowb-button ow-icon-placement-left ow-button-hover\" target=\"_blank\" rel=\"noopener noreferrer\" \t>\n\t\t<span>\n\t\t\t<span class=\"sow-icon-fontawesome sow-far\" data-sow-icon=\"&#xf35a;\"\n\t\tstyle=\"\" \n\t\taria-hidden=\"true\"><\/span>\n\t\t\tReserva y\u00e1\t\t<\/span>\n\t\t\t<\/a>\n\t<\/div>\n<\/div><\/div><\/div><\/div><div id=\"pg-2563-4\"  class=\"panel-grid panel-no-style\" ><div id=\"pgc-2563-4-0\"  class=\"panel-grid-cell\" ><div id=\"panel-2563-4-0-0\" class=\"so-panel widget widget_sow-image panel-first-child\" data-index=\"14\" ><div\n\t\t\t\n\t\t\tclass=\"so-widget-sow-image so-widget-sow-image-default-8b5b6f678277-2563\"\n\t\t\t\n\t\t>\n<div class=\"sow-image-container\">\n\t\t<img \n\tsrc=\"https:\/\/internetday.com.ar\/day\/wp-content\/uploads\/2026\/03\/hotel-urban.jpg\" width=\"800\" height=\"500\" srcset=\"https:\/\/internetday.com.ar\/day\/wp-content\/uploads\/2026\/03\/hotel-urban.jpg 800w, https:\/\/internetday.com.ar\/day\/wp-content\/uploads\/2026\/03\/hotel-urban-300x188.jpg 300w, https:\/\/internetday.com.ar\/day\/wp-content\/uploads\/2026\/03\/hotel-urban-150x94.jpg 150w, https:\/\/internetday.com.ar\/day\/wp-content\/uploads\/2026\/03\/hotel-urban-768x480.jpg 768w\" sizes=\"(max-width: 800px) 100vw, 800px\" alt=\"\" \t\tclass=\"so-widget-image\"\/>\n\t<\/div>\n\n<\/div><\/div><div id=\"panel-2563-4-0-1\" class=\"so-panel widget widget_sow-editor\" data-index=\"15\" ><div\n\t\t\t\n\t\t\tclass=\"so-widget-sow-editor so-widget-sow-editor-base\"\n\t\t\t\n\t\t>\n<div class=\"siteorigin-widget-tinymce textwidget\">\n\t<h2 style=\"text-align: left;\">Urban Suites Recoleta<\/h2>\n<p style=\"text-align: left;\"><span class=\"LrzXr\">Jun\u00edn 1727<\/span> (<a href=\"https:\/\/maps.app.goo.gl\/EB1bu5r5jWkKMSdD7\" target=\"_blank\" rel=\"noopener\">Ver ubicaci\u00f3n<\/a>)<br \/>\n<strong>Reservas:<\/strong> <a href=\"mailto:reservas@urbanrecoleta.com\" target=\"_blank\" rel=\"noopener\">reservas@urbanrecoleta.com<\/a><\/p>\n<hr \/>\n<ul>\n<li style=\"text-align: left;\">Suite Single\/ Doble\u00a0<strong>U$D 169 + IVA<\/strong><\/li>\n<li style=\"text-align: left;\">Suite Font View Single\/Doble <strong>U$D 189 +IVA<\/strong><\/li>\n<li style=\"text-align: left;\">Master Suite Single\/Doble <strong>U$D 299 + IVA<\/strong><\/li>\n<li style=\"text-align: left;\">Pasajero Adicional \u00a0<strong>U$D 69+ IVA<\/strong><\/li>\n<\/ul>\n<p>Se aplicara al mencionar el evento un <strong>10% de descuento<\/strong> sobre la mejor tarifa disponible al momento de la reserva. <strong><br \/>\n<\/strong><\/p>\n<\/div>\n<\/div><\/div><div id=\"panel-2563-4-0-2\" class=\"so-panel widget widget_sow-button panel-last-child\" data-index=\"16\" ><div\n\t\t\t\n\t\t\tclass=\"so-widget-sow-button so-widget-sow-button-flat-487924cf5dc3-2563\"\n\t\t\t\n\t\t><div class=\"ow-button-base ow-button-align-left\"\n>\n\t\t\t<a\n\t\t\t\t\thref=\"https:\/\/www.urbanrecoleta.com\/\"\n\t\t\t\t\tclass=\"sowb-button ow-icon-placement-left ow-button-hover\" target=\"_blank\" rel=\"noopener noreferrer\" \t>\n\t\t<span>\n\t\t\t<span class=\"sow-icon-fontawesome sow-far\" data-sow-icon=\"&#xf35a;\"\n\t\tstyle=\"\" \n\t\taria-hidden=\"true\"><\/span>\n\t\t\tReserva y\u00e1\t\t<\/span>\n\t\t\t<\/a>\n\t<\/div>\n<\/div><\/div><\/div><div id=\"pgc-2563-4-1\"  class=\"panel-grid-cell\" ><div id=\"panel-2563-4-1-0\" class=\"so-panel widget widget_sow-image panel-first-child\" data-index=\"17\" ><div\n\t\t\t\n\t\t\tclass=\"so-widget-sow-image so-widget-sow-image-default-8b5b6f678277-2563\"\n\t\t\t\n\t\t>\n<div class=\"sow-image-container\">\n\t\t<img \n\tsrc=\"https:\/\/internetday.com.ar\/day\/wp-content\/uploads\/2026\/03\/hotel-howard.jpg\" width=\"800\" height=\"500\" srcset=\"https:\/\/internetday.com.ar\/day\/wp-content\/uploads\/2026\/03\/hotel-howard.jpg 800w, https:\/\/internetday.com.ar\/day\/wp-content\/uploads\/2026\/03\/hotel-howard-300x188.jpg 300w, https:\/\/internetday.com.ar\/day\/wp-content\/uploads\/2026\/03\/hotel-howard-150x94.jpg 150w, https:\/\/internetday.com.ar\/day\/wp-content\/uploads\/2026\/03\/hotel-howard-768x480.jpg 768w\" sizes=\"(max-width: 800px) 100vw, 800px\" alt=\"\" \t\tclass=\"so-widget-image\"\/>\n\t<\/div>\n\n<\/div><\/div><div id=\"panel-2563-4-1-1\" class=\"so-panel widget widget_sow-editor\" data-index=\"18\" ><div\n\t\t\t\n\t\t\tclass=\"so-widget-sow-editor so-widget-sow-editor-base\"\n\t\t\t\n\t\t>\n<div class=\"siteorigin-widget-tinymce textwidget\">\n\t<h2 style=\"text-align: left;\"><b><span lang=\"EN-US\">Hotel Howard Johnson Plaza Buenos Aires<\/span><\/b><\/h2>\n<p style=\"text-align: left;\">Lima 653 (<a href=\"https:\/\/maps.app.goo.gl\/wWU76Pgz4KoXkEra7\" target=\"_blank\" rel=\"noopener\">Ver ubicaci\u00f3n)<\/a><\/p>\n<hr \/>\n<ul>\n<li style=\"text-align: left;\">Habitaci\u00f3n Ejecutiva SGL\/DBL <strong>USD 95+IVA<\/strong><\/li>\n<li style=\"text-align: left;\">Habitaci\u00f3n Superior SGL\/DBL <strong>USD 125+IVA<\/strong><\/li>\n<\/ul>\n<p>Nuestras tarifas incluyen<\/p>\n<ul>\n<li>Desayuno buffet<\/li>\n<li>Sauna<\/li>\n<li>Gimnasio<\/li>\n<li>Terraza con sol\u00e1rium<\/li>\n<li>Wifi<\/li>\n<\/ul>\n<\/div>\n<\/div><\/div><div id=\"panel-2563-4-1-2\" class=\"so-panel widget widget_sow-button panel-last-child\" data-index=\"19\" ><div\n\t\t\t\n\t\t\tclass=\"so-widget-sow-button so-widget-sow-button-flat-487924cf5dc3-2563\"\n\t\t\t\n\t\t><div class=\"ow-button-base ow-button-align-left\"\n>\n\t\t\t<a\n\t\t\t\t\thref=\"https:\/\/www.hjplazabuenosaires.com.ar\/\"\n\t\t\t\t\tclass=\"sowb-button ow-icon-placement-left ow-button-hover\" target=\"_blank\" rel=\"noopener noreferrer\" \t>\n\t\t<span>\n\t\t\t<span class=\"sow-icon-fontawesome sow-far\" data-sow-icon=\"&#xf35a;\"\n\t\tstyle=\"\" \n\t\taria-hidden=\"true\"><\/span>\n\t\t\tReserva y\u00e1\t\t<\/span>\n\t\t\t<\/a>\n\t<\/div>\n<\/div><\/div><\/div><\/div><div id=\"pg-2563-5\"  class=\"panel-grid panel-has-style\" ><div class=\"siteorigin-panels-stretch panel-row-style panel-row-style-for-2563-5\" data-stretch-type=\"full-width-stretch\" ><div id=\"pgc-2563-5-0\"  class=\"panel-grid-cell panel-grid-cell-empty\" ><\/div><div id=\"pgc-2563-5-1\"  class=\"panel-grid-cell panel-grid-cell-empty\" ><\/div><div id=\"pgc-2563-5-2\"  class=\"panel-grid-cell\" ><div id=\"panel-2563-5-2-0\" class=\"so-panel widget widget_sow-button panel-first-child panel-last-child\" data-index=\"20\" ><div\n\t\t\t\n\t\t\tclass=\"so-widget-sow-button so-widget-sow-button-flat-6ad16c12afcd-2563\"\n\t\t\t\n\t\t><div class=\"ow-button-base ow-button-align-center\"\n>\n\t\t\t<a\n\t\t\t\t\thref=\"https:\/\/eventos.usbsolutions.com.ar\/evento\/internet\/inscripcion\/\"\n\t\t\t\t\tclass=\"sowb-button ow-icon-placement-left ow-button-hover\" \t>\n\t\t<span>\n\t\t\t\n\t\t\tInscribite\t\t<\/span>\n\t\t\t<\/a>\n\t<\/div>\n<\/div><\/div><\/div><div id=\"pgc-2563-5-3\"  class=\"panel-grid-cell panel-grid-cell-empty panel-grid-cell-mobile-last\" ><\/div><div id=\"pgc-2563-5-4\"  class=\"panel-grid-cell panel-grid-cell-empty\" ><\/div><\/div><\/div><div id=\"pg-2563-6\"  class=\"panel-grid panel-has-style\" ><div class=\"siteorigin-panels-stretch panel-row-style panel-row-style-for-2563-6\" data-stretch-type=\"full-width-stretch\" ><div id=\"pgc-2563-6-0\"  class=\"panel-grid-cell\" ><div id=\"panel-2563-6-0-0\" class=\"widget_text so-panel widget widget_custom_html panel-first-child panel-last-child\" data-index=\"21\" ><div class=\"textwidget custom-html-widget\"><iframe src=\"https:\/\/www.google.com\/maps\/embed?pb=!1m18!1m12!1m3!1d3284.7875960512592!2d-58.39278402358104!3d-34.58424065647112!2m3!1f0!2f0!3f0!3m2!1i1024!2i768!4f13.1!3m3!1m2!1s0x95bccaa16848544b%3A0x89e29d40eae89d2d!2sAv.%20Pres.%20Figueroa%20Alcorta%202099%2C%20C1112%20CABA!5e0!3m2!1ses!2sar!4v1700834993897!5m2!1ses!2sar\" width=\"1920\" height=\"500\" style=\"border:0;\" allowfullscreen=\"\" loading=\"lazy\" referrerpolicy=\"no-referrer-when-downgrade\"><\/iframe><\/div><\/div><\/div><\/div><\/div><\/div>","protected":false},"excerpt":{"rendered":"<p>Hoteles con descuento Loi Suites Recoleta Vicente L\u00f3pez 1955 (Ver ubicaci\u00f3n) Activamos el c\u00f3digo de descuento CABASE 15% sobre las tarifas que figuran en la web del hotel. Las reservas deber\u00e1n realizarse directamente a trav\u00e9s de nuestra web, ingresando el c\u00f3digo CABASE A tener en cuenta: Cada hu\u00e9sped realiza y abona su reserva de manera [&hellip;]<\/p>\n","protected":false},"author":4,"featured_media":0,"parent":0,"menu_order":0,"comment_status":"closed","ping_status":"closed","template":"","meta":{"ocean_post_layout":"","ocean_both_sidebars_style":"","ocean_both_sidebars_content_width":0,"ocean_both_sidebars_sidebars_width":0,"ocean_sidebar":"0","ocean_second_sidebar":"0","ocean_disable_margins":"on","ocean_add_body_class":"","ocean_shortcode_before_top_bar":"","ocean_shortcode_after_top_bar":"","ocean_shortcode_before_header":"","ocean_shortcode_after_header":"","ocean_has_shortcode":"","ocean_shortcode_after_title":"","ocean_shortcode_before_footer_widgets":"","ocean_shortcode_after_footer_widgets":"","ocean_shortcode_before_footer_bottom":"","ocean_shortcode_after_footer_bottom":"","ocean_display_top_bar":"default","ocean_display_header":"default","ocean_header_style":"","ocean_center_header_left_menu":"0","ocean_custom_header_template":"0","ocean_custom_logo":0,"ocean_custom_retina_logo":0,"ocean_custom_logo_max_width":0,"ocean_custom_logo_tablet_max_width":0,"ocean_custom_logo_mobile_max_width":0,"ocean_custom_logo_max_height":0,"ocean_custom_logo_tablet_max_height":0,"ocean_custom_logo_mobile_max_height":0,"ocean_header_custom_menu":"0","ocean_menu_typo_font_family":"0","ocean_menu_typo_font_subset":"","ocean_menu_typo_font_size":0,"ocean_menu_typo_font_size_tablet":0,"ocean_menu_typo_font_size_mobile":0,"ocean_menu_typo_font_size_unit":"px","ocean_menu_typo_font_weight":"","ocean_menu_typo_font_weight_tablet":"","ocean_menu_typo_font_weight_mobile":"","ocean_menu_typo_transform":"","ocean_menu_typo_transform_tablet":"","ocean_menu_typo_transform_mobile":"","ocean_menu_typo_line_height":0,"ocean_menu_typo_line_height_tablet":0,"ocean_menu_typo_line_height_mobile":0,"ocean_menu_typo_line_height_unit":"","ocean_menu_typo_spacing":0,"ocean_menu_typo_spacing_tablet":0,"ocean_menu_typo_spacing_mobile":0,"ocean_menu_typo_spacing_unit":"","ocean_menu_link_color":"","ocean_menu_link_color_hover":"","ocean_menu_link_color_active":"","ocean_menu_link_background":"","ocean_menu_link_hover_background":"","ocean_menu_link_active_background":"","ocean_menu_social_links_bg":"","ocean_menu_social_hover_links_bg":"","ocean_menu_social_links_color":"","ocean_menu_social_hover_links_color":"","ocean_disable_title":"default","ocean_disable_heading":"default","ocean_post_title":"","ocean_post_subheading":"","ocean_post_title_style":"","ocean_post_title_background_color":"","ocean_post_title_background":0,"ocean_post_title_bg_image_position":"","ocean_post_title_bg_image_attachment":"","ocean_post_title_bg_image_repeat":"","ocean_post_title_bg_image_size":"","ocean_post_title_height":0,"ocean_post_title_bg_overlay":0.5,"ocean_post_title_bg_overlay_color":"","ocean_disable_breadcrumbs":"default","ocean_breadcrumbs_color":"","ocean_breadcrumbs_separator_color":"","ocean_breadcrumbs_links_color":"","ocean_breadcrumbs_links_hover_color":"","ocean_display_footer_widgets":"default","ocean_display_footer_bottom":"default","ocean_custom_footer_template":"0","omw_enable_modal_window":"enable","footnotes":""},"_links":{"self":[{"href":"https:\/\/internetday.com.ar\/day\/wp-json\/wp\/v2\/pages\/2563"}],"collection":[{"href":"https:\/\/internetday.com.ar\/day\/wp-json\/wp\/v2\/pages"}],"about":[{"href":"https:\/\/internetday.com.ar\/day\/wp-json\/wp\/v2\/types\/page"}],"author":[{"embeddable":true,"href":"https:\/\/internetday.com.ar\/day\/wp-json\/wp\/v2\/users\/4"}],"replies":[{"embeddable":true,"href":"https:\/\/internetday.com.ar\/day\/wp-json\/wp\/v2\/comments?post=2563"}],"version-history":[{"count":29,"href":"https:\/\/internetday.com.ar\/day\/wp-json\/wp\/v2\/pages\/2563\/revisions"}],"predecessor-version":[{"id":2576,"href":"https:\/\/internetday.com.ar\/day\/wp-json\/wp\/v2\/pages\/2563\/revisions\/2576"}],"wp:attachment":[{"href":"https:\/\/internetday.com.ar\/day\/wp-json\/wp\/v2\/media?parent=2563"}],"curies":[{"name":"wp","href":"https:\/\/api.w.org\/{rel}","templated":true}]}}